{"id":24,"date":"2020-11-14T09:44:49","date_gmt":"2020-11-14T09:44:49","guid":{"rendered":"http:\/\/staging.chiocchetti1896.com\/tudor\/?page_id=24"},"modified":"2024-05-29T09:52:39","modified_gmt":"2024-05-29T09:52:39","slug":"brand","status":"publish","type":"page","link":"https:\/\/web-cch.x-tra.it\/tudor\/","title":{"rendered":"IL MARCHIO"},"content":{"rendered":"<p>[vc_row full_width=&#8221;stretch_row_content_no_spaces&#8221; el_class=&#8221;top-banner-row home-banner&#8221; css=&#8221;.vc_custom_1649263876968{background-image: url(https:\/\/web-cch.x-tra.it\/tudor\/wp-content\/uploads\/2022\/04\/tudor-generic-1680X260-2.jpeg?id=45478) !important;}&#8221;][vc_column][\/vc_column][\/vc_row][vc_row full_width=&#8221;stretch_row_content_no_spaces&#8221; css=&#8221;.vc_custom_1610722579090{padding-top: 5px !important;padding-bottom: 5% !important;background-color: #f2f2f2 !important;}&#8221;][vc_column width=&#8221;1\/4&#8243;][\/vc_column][vc_column width=&#8221;1\/2&#8243; css=&#8221;.vc_custom_1611223685330{padding-right: 15px !important;padding-left: 15px !important;}&#8221;][vc_column_text css=&#8221;.vc_custom_1640191640393{margin-top: 0px !important;border-top-width: 0px !important;background-color: #f2f2f2 !important;}&#8221;]<\/p>\n<p style=\"text-align: center;\"><div class=\"etheme-tbox center\"><div class=\"etheme-tbox-inner\"><div class=\"etheme-tbox-subtitle\"><h4 class=\"tbox-subtitle\">LA NASCITA DEL MARCHIO <\/h4><\/div><div class=\"etheme-tbox-title\"><h1 class=\"tbox-title\">NEL CUORE DI TUDOR <\/h1><\/div><\/div><\/div>\n<p style=\"text-align: center;\">Nel febbraio del 1926 Hans Wilsdorf ottiene la registrazione del marchio \u201cThe Tudor\u201d e inizia a produrre orologi che ne recavano la firma sul quadrante. Alla fine della Seconda Guerra Mondiale, Hans Wilsdorf sa che \u00e8 arrivato il momento di dare impulso al Marchio e di conferirgli un\u2019identit\u00e0 tutta sua. Il 6 marzo 1946, fonda la societ\u00e0 \u201cMontres TUDOR S.A.\u201d, specializzata in modelli da uomo e da donna. Le caratteristiche tecniche, estetiche e funzionali saranno garantite da Rolex, cos\u00ec come la distribuzione e il servizio post-vendita.<\/p>\n<p>[\/vc_column_text][\/vc_column][vc_column width=&#8221;1\/4&#8243;][\/vc_column][\/vc_row][vc_row full_width=&#8221;stretch_row_content_no_spaces&#8221; css=&#8221;.vc_custom_1610722619323{padding-top: 5px !important;padding-bottom: 10% !important;}&#8221;][vc_column width=&#8221;1\/4&#8243;][\/vc_column][vc_column width=&#8221;1\/2&#8243; css=&#8221;.vc_custom_1611223694504{padding-right: 15px !important;padding-left: 15px !important;}&#8221;][vc_column_text css=&#8221;.vc_custom_1640191650510{margin-top: 0px !important;border-top-width: 0px !important;}&#8221;]<\/p>\n<p style=\"text-align: center;\"><div class=\"etheme-tbox center\"><div class=\"etheme-tbox-inner\"><div class=\"etheme-tbox-subtitle\"><h4 class=\"tbox-subtitle\"> RIVENDITORE AUTORIZZATO TUDOR <\/h4><\/div><div class=\"etheme-tbox-title\"><h1 class=\"tbox-title\">GIOIELLERIA CHIOCCHETTI <\/h1><\/div><\/div><\/div>\n<p style=\"text-align: center;\">La Ditta F.lli Chiocchetti \u00e8 orgogliosa di collaborare con marchi selezionati in linea con i suoi valori e la sua visione; sostenitori appassionati di precisione, prestazioni e sicurezza. Il marchio Tudor \u00e8 sinonimo di eccellenza, tradizione e affidabilit\u00e0. \u00c8 un punto di riferimento in termini di innovazione nel campo dell\u2019orologeria, frutto dello studio di abili menti che insieme allo sviluppo della tecnologia e micro ingegneria hanno reso e rendono questi segnatempo sempre pi\u00f9 apprezzabili. Scopri la collezione Tudor presentata in questa pagina, oppure contattaci per fissare un appuntamento con il nostro staff specializzato, che sar\u00e0 lieto di aiutarti in una scelta che ti accompagner\u00e0 per sempre.<\/p>\n<p>[\/vc_column_text][vc_raw_html]JTNDZGl2JTIwY2xhc3MlM0QlMjJzaXRlLWhlYWRlcl9fY3RhJTIyJTNFJTBBJTNDYSUyMGhyZWYlM0QlMjJodHRwcyUzQSUyRiUyRnd3dy5jaGlvY2NoZXR0aTE4OTYuY29tJTJGc2hvcCUyRmNhdGFsb2dvJTJGdHVkb3IlMkYlMjIlMjBjbGFzcyUzRCUyMmJ0biUyMGJ0bi1wcmltYXJ5JTIyJTNFJTBBJTNDc3BhbiUyMGNsYXNzJTNEJTIyYnRuX19ob3ZlciUyMiUyMHJvbGUlM0QlMjJub25lJTIyJTNFJTNDJTJGc3BhbiUzRSUwQSUzQ3NwYW4lMjBjbGFzcyUzRCUyMmJ0bl9fdGV4dCUyMiUzRUFjcXVpc3RhJTIwb25saW5lJTNDJTJGc3BhbiUzRSUwQSUzQyUyRmElM0UlMDklMEElM0MlMkZkaXYlM0U=[\/vc_raw_html][\/vc_column][vc_column width=&#8221;1\/4&#8243;][\/vc_column][\/vc_row][vc_row][vc_column][vc_column_text]<\/p>\n<p style=\"text-align: center;\"><div class=\"etheme-tbox center\"><div class=\"etheme-tbox-inner\"><div class=\"etheme-tbox-subtitle\"><h4 class=\"tbox-subtitle\">LA STORIA DI TUDOR <\/h4><\/div><div class=\"etheme-tbox-title\"><h1 class=\"tbox-title\">L\u2019INTUIZIONE DI HANS WILSDORF <\/h1><\/div><\/div><\/div>\n<p>[\/vc_column_text][vc_single_image image=&#8221;1430&#8243; img_size=&#8221;full&#8221; alignment=&#8221;center&#8221;][\/vc_column][\/vc_row][vc_row css=&#8221;.vc_custom_1605959100348{margin-top: 5% !important;}&#8221;][vc_column width=&#8221;1\/6&#8243;][\/vc_column][vc_column width=&#8221;2\/3&#8243;][vc_column_text]<\/p>\n<p style=\"text-align: center;\">\u201cDa anni sto studiando la possibilit\u00e0 di realizzare orologi che i nostri concessionari possano vendere a un prezzo minore dei nostri Rolex, ma che possano godere della stessa tradizionale fiducia. Ho dunque deciso di fondare una societ\u00e0 distinta, dedita alla creazione e alla vendita di questi nuovi orologi. Questa societ\u00e0 si chiama Montres TUDOR S.A.\u201d.<\/p>\n<p style=\"text-align: center;\">-H .Wilsdorf<\/p>\n<p>[\/vc_column_text][\/vc_column][vc_column width=&#8221;1\/6&#8243;][\/vc_column][\/vc_row][vc_row full_width=&#8221;stretch_row_content_no_spaces&#8221; equal_height=&#8221;yes&#8221; content_placement=&#8221;middle&#8221; css=&#8221;.vc_custom_1605968650932{margin-top: 5% !important;margin-bottom: 10% !important;}&#8221;][vc_column width=&#8221;1\/2&#8243; css=&#8221;.vc_custom_1605959797747{background-color: #1b1b1b !important;}&#8221;][vc_column_text el_class=&#8221;sidebar-tudor-white&#8221;]<div class=\"etheme-tbox left white\"><div class=\"etheme-tbox-inner\"><div class=\"etheme-tbox-subtitle\"><h4 class=\"tbox-subtitle\">OROLOGERIA <\/h4><\/div><div class=\"etheme-tbox-title\"><h1 class=\"tbox-title\">LA MAESTRIA DELL\u2019ARTIGIANATO TRADIZIONALE <\/h1><\/div><\/div><\/div>\n<p>Un orologio TUDOR vive, pulsa, vi porta nel mondo dell\u2019infinitamente piccolo. Curato in tutte le sue componenti, studiato nei minimi dettagli. Fino all\u2019ossessione. Guardate il movimento. Estetica e performance sono perfettamente coniugate in un prodotto di altissimo livello, creato per essere resistente, funzionale ed elegante. Piacevole allo sguardo e sorprendente per la sua concezione, questo meccanismo di precisione resiste al passare del tempo. I materiali d\u2019eccezione, la robustezza e la forza del design fanno di ogni orologio un oggetto unico.[\/vc_column_text][\/vc_column][vc_column width=&#8221;1\/2&#8243; el_class=&#8221;column-video-fix&#8221;][vc_video link=&#8221;https:\/\/www.youtube.com\/watch?v=t0ZU3FoQ0Io&#8221; align=&#8221;center&#8221;][\/vc_column][\/vc_row][vc_row][vc_column]\r\n\t<div id=\"news-block\">\r\n\t\t<div class=\"wrapper\">\r\n\t\t\t<div class=\"news-block-wrap \">\r\n\t\t\t\t\t\r\n<div class=\"news-post class-beckham\">\r\n\t\t<div class=\"news-column news-foto col-lg-6 col-md-12 col-sm-12 col-xs-12\">\r\n\t\t\t<img width=\"1160\" height=\"1160\" src=\"https:\/\/web-cch.x-tra.it\/tudor\/wp-content\/uploads\/2021\/12\/David_Beckam_1160x1160.jpg\" class=\"attachment-full size-full\" alt=\"\" decoding=\"async\" loading=\"lazy\" srcset=\"https:\/\/web-cch.x-tra.it\/tudor\/wp-content\/uploads\/2021\/12\/David_Beckam_1160x1160.jpg 1160w, https:\/\/web-cch.x-tra.it\/tudor\/wp-content\/uploads\/2021\/12\/David_Beckam_1160x1160-300x300.jpg 300w, https:\/\/web-cch.x-tra.it\/tudor\/wp-content\/uploads\/2021\/12\/David_Beckam_1160x1160-1024x1024.jpg 1024w, https:\/\/web-cch.x-tra.it\/tudor\/wp-content\/uploads\/2021\/12\/David_Beckam_1160x1160-150x150.jpg 150w, https:\/\/web-cch.x-tra.it\/tudor\/wp-content\/uploads\/2021\/12\/David_Beckam_1160x1160-768x768.jpg 768w, https:\/\/web-cch.x-tra.it\/tudor\/wp-content\/uploads\/2021\/12\/David_Beckam_1160x1160-600x600.jpg 600w\" sizes=\"(max-width: 1160px) 100vw, 1160px\" \/>\t\t<\/div>\r\n\t \t<div class=\"news-column news-text col-lg-6 col-md-12 col-sm-12 col-xs-12\">\r\n\t\t\t<p><\/p>\n<p style=\"text-align: right;\"><div class=\"etheme-tbox right\"><div class=\"etheme-tbox-inner\"><div class=\"etheme-tbox-subtitle\"><h4 class=\"tbox-subtitle\">AMBASCIATORI TUDOR <\/h4><\/div><div class=\"etheme-tbox-title\"><h1 class=\"tbox-title\">DAVID BECKHAM <\/h1><\/div><\/div><\/div>\n<p style=\"text-align: right;\">Da bambino, David Beckham aveva un sogno. Quando gli veniva chiesto cosa avrebbe voluto fare da grande, rispondeva sempre \u201cil calciatore\u201d. Questa ambizione precoce gli ha permesso di diventare uno dei giocatori pi\u00f9 acclamati, amati e affermati della storia del calcio. Con la militanza in tre squadre di eccellenza e 115 presenze nella nazionale inglese, 59 delle quali come capitano, ha lasciato il segno: 6 titoli della Premier League inglese, 2 coppe della Major League Soccer, un titolo della Liga spagnola e un trofeo della UEFA Champions League.<\/p>\n<p><\/p>\r\n\t\t<\/div>\r\n<\/div>\r\n\r\n\r\n\t\r\n<div class=\"news-post class-chou\">\r\n\t\t<div class=\"news-column news-foto col-lg-6 col-md-12 col-sm-12 col-xs-12\">\r\n\t\t\t<img width=\"1160\" height=\"1160\" src=\"https:\/\/web-cch.x-tra.it\/tudor\/wp-content\/uploads\/2021\/12\/Jay_Chou_1160x1160.jpg\" class=\"attachment-full size-full\" alt=\"\" decoding=\"async\" loading=\"lazy\" srcset=\"https:\/\/web-cch.x-tra.it\/tudor\/wp-content\/uploads\/2021\/12\/Jay_Chou_1160x1160.jpg 1160w, https:\/\/web-cch.x-tra.it\/tudor\/wp-content\/uploads\/2021\/12\/Jay_Chou_1160x1160-300x300.jpg 300w, https:\/\/web-cch.x-tra.it\/tudor\/wp-content\/uploads\/2021\/12\/Jay_Chou_1160x1160-1024x1024.jpg 1024w, https:\/\/web-cch.x-tra.it\/tudor\/wp-content\/uploads\/2021\/12\/Jay_Chou_1160x1160-150x150.jpg 150w, https:\/\/web-cch.x-tra.it\/tudor\/wp-content\/uploads\/2021\/12\/Jay_Chou_1160x1160-768x768.jpg 768w, https:\/\/web-cch.x-tra.it\/tudor\/wp-content\/uploads\/2021\/12\/Jay_Chou_1160x1160-600x600.jpg 600w\" sizes=\"(max-width: 1160px) 100vw, 1160px\" \/>\t\t<\/div>\r\n\t \t<div class=\"news-column news-text col-lg-6 col-md-12 col-sm-12 col-xs-12\">\r\n\t\t\t<div class=\"etheme-tbox left\"><div class=\"etheme-tbox-inner\"><div class=\"etheme-tbox-subtitle\"><h4 class=\"tbox-subtitle\">AMBASCIATORI TUDOR <\/h4><\/div><div class=\"etheme-tbox-title\"><h1 class=\"tbox-title\">JAY CHOU <\/h1><\/div><\/div><\/div>\n<p>Cresciuto a Taiwan in una famiglia di insegnanti, Jay Chou si \u00e8 avvicinato al pianoforte all\u2019et\u00e0 di quattro anni, dopo aver dimostrato un talento innato per la musica, e successivamente si \u00e8 dedicato al violoncello. Ancora oggi, conserva un amore particolare per Chopin. Musicista. Attore. Regista. Icona. Da oltre un decennio il \u201cRe del pop asiatico\u201d \u00e8 un pioniere dell\u2019innovazione di livello internazionale. Da Taipei a Hollywood, Jay Chou \u00e8 sempre pronto ad affrontare nuove sfide, dovunque lo portino.<\/p>\r\n\t\t<\/div>\r\n<\/div>\r\n\r\n\r\n\t\t\t<\/div>\r\n\t\t<\/div>\r\n\t<\/div>\r\n\r\n\t[\/vc_column][\/vc_row][vc_row full_width=&#8221;stretch_row_content_no_spaces&#8221; content_placement=&#8221;middle&#8221; el_class=&#8221;top-banner-row big&#8221; css=&#8221;.vc_custom_1668510691390{margin-top: 10% !important;margin-bottom: 0px !important;border-bottom-width: 0px !important;padding-bottom: 0px !important;background-image: url(https:\/\/web-cch.x-tra.it\/tudor\/wp-content\/uploads\/2021\/05\/homepage_quote_banner_img_1680x400-1-scaled-1.jpg?id=1432) !important;}&#8221; el_id=&#8221;final-tudor-banner&#8221;][vc_column][vc_column_text]<\/p>\n<p style=\"text-align: center;\"><div class=\"etheme-tbox center white bottom-title\"><div class=\"etheme-tbox-inner\"><div class=\"etheme-tbox-subtitle\"><h4 class=\"tbox-subtitle\"> <\/h4><\/div><div class=\"etheme-tbox-title\"><h1 class=\"tbox-title\">\u201cCUSTODI DEL MEGLIO DEL PASSATO. DALLE MIGLIORI TECNICHE OROLOGIERE AI MIGLIORI DESIGN.\u201d  <\/h1><\/div><\/div><\/div>\n<p>[\/vc_column_text][\/vc_column][\/vc_row]<\/p>\n","protected":false},"excerpt":{"rendered":"<p>[vc_row full_width=&#8221;stretch_row_content_no_spaces&#8221; el_class=&#8221;top-banner-row home-banner&#8221; css=&#8221;.vc_custom_1649263876968{background-image: url(https:\/\/web-cch.x-tra.it\/tudor\/wp-content\/uploads\/2022\/04\/tudor-generic-1680X260-2.jpeg?id=45478) !important;}&#8221;][vc_column][\/vc_column][\/vc_row][vc_row full_width=&#8221;stretch_row_content_no_spaces&#8221; css=&#8221;.vc_custom_1610722579090{padding-top: 5px !important;padding-bottom: 5% !important;background-color: #f2f2f2 !important;}&#8221;][vc_column width=&#8221;1\/4&#8243;][\/vc_column][vc_column width=&#8221;1\/2&#8243; css=&#8221;.vc_custom_1611223685330{padding-right: 15px !important;padding-left: 15px !important;}&#8221;][vc_column_text css=&#8221;.vc_custom_1640191640393{margin-top: 0px !important;border-top-width: 0px !important;background-color: #f2f2f2 !important;}&#8221;] Nel febbraio del 1926 Hans Wilsdorf ottiene la registrazione del marchio \u201cThe Tudor\u201d e inizia a produrre orologi che ne recavano la firma sul quadrante. Alla [&hellip;]<\/p>\n","protected":false},"author":3,"featured_media":0,"parent":0,"menu_order":0,"comment_status":"closed","ping_status":"closed","template":"","meta":[],"_links":{"self":[{"href":"https:\/\/web-cch.x-tra.it\/tudor\/wp-json\/wp\/v2\/pages\/24"}],"collection":[{"href":"https:\/\/web-cch.x-tra.it\/tudor\/wp-json\/wp\/v2\/pages"}],"about":[{"href":"https:\/\/web-cch.x-tra.it\/tudor\/wp-json\/wp\/v2\/types\/page"}],"author":[{"embeddable":true,"href":"https:\/\/web-cch.x-tra.it\/tudor\/wp-json\/wp\/v2\/users\/3"}],"replies":[{"embeddable":true,"href":"https:\/\/web-cch.x-tra.it\/tudor\/wp-json\/wp\/v2\/comments?post=24"}],"version-history":[{"count":73,"href":"https:\/\/web-cch.x-tra.it\/tudor\/wp-json\/wp\/v2\/pages\/24\/revisions"}],"predecessor-version":[{"id":60599,"href":"https:\/\/web-cch.x-tra.it\/tudor\/wp-json\/wp\/v2\/pages\/24\/revisions\/60599"}],"wp:attachment":[{"href":"https:\/\/web-cch.x-tra.it\/tudor\/wp-json\/wp\/v2\/media?parent=24"}],"curies":[{"name":"wp","href":"https:\/\/api.w.org\/{rel}","templated":true}]}}